{"id":494,"date":"2020-02-11T16:51:11","date_gmt":"2020-02-11T16:51:11","guid":{"rendered":"http:\/\/esportsenioruv.com\/iaiostrainingfestival\/?page_id=494"},"modified":"2020-02-18T19:34:56","modified_gmt":"2020-02-18T19:34:56","slug":"festival-2020","status":"publish","type":"page","link":"https:\/\/esportsenioruv.com\/iaiostrainingfestival\/festival-2020\/","title":{"rendered":"Iai@s &#8217;20"},"content":{"rendered":"<p style=\"text-align: left;\">El pr\u00f3ximo 27 de Marzo, Valencia acoger\u00e1 el <strong>\u00abIAI@S\u2019 Training Festival 2020\u00bb<\/strong>, que este a\u00f1o cumple su V edici\u00f3n!<\/p>\n<p style=\"text-align: left;\">Promovida de forma conjunta por \u00a0el <strong>Servicio de Educaci\u00f3n F\u00edsica y Deportes y la Unidad de Investigaci\u00f3n en Renidmiento F\u00edsico y Deportivo (UIRFIDE) de la Universidad de Valencia, con la colaboraci\u00f3n de la Asociaci\u00f3n Entrenamiento Con Mayores<\/strong>, el<strong> IAIOS\u2019<\/strong> se presenta como una propuesta inclusiva que convertir\u00e1 las diferentes experiencias de pr\u00e1ctica f\u00edsica de nuestros Mayores en una fiesta multitudinaria.<\/p>\n<p style=\"text-align: left;\"><strong>IAIOS<\/strong> es la palabra propia de la lengua valenciana para referirse a l@s \u201cabuel@s\u201d<\/p>\n<p style=\"text-align: left;\"><strong>Training<\/strong> &#8211;<em>Entrenamiento<\/em>&#8211; es el leitmotiv de la jornada formativa para alumnos y nuestra propuesta de valor para alcanzar un envejecimiento exitoso.<\/p>\n<p style=\"text-align: left;\"><strong>Festival<\/strong> nos recuerda la necesidad de disfrutar del ejercicio ante el reto de hacerse mayor.<\/p>\n<p style=\"text-align: left;\">El <strong>\u00abIAI@S\u2019 Training Festival 2020\u00bb<\/strong> invita a los Mayores de la ciudad de Valencia, alrededores y cualquier otra parte del mundo, a disfrutar de esta experiencia integral. Sea cual sea tu edad no puedes perderte esta experiencia deportiva intergeneracional.<\/p>\n<p style=\"text-align: left;\"><img decoding=\"async\" loading=\"lazy\" class=\"wp-image-406  aligncenter\" src=\"http:\/\/esportsenioruv.com\/iaiostrainingfestival\/wp-content\/uploads\/2019\/03\/IMG_20180323_135447-300x225.jpg\" alt=\"\" width=\"803\" height=\"602\" srcset=\"https:\/\/esportsenioruv.com\/iaiostrainingfestival\/wp-content\/uploads\/2019\/03\/IMG_20180323_135447-300x225.jpg 300w, https:\/\/esportsenioruv.com\/iaiostrainingfestival\/wp-content\/uploads\/2019\/03\/IMG_20180323_135447-768x576.jpg 768w, https:\/\/esportsenioruv.com\/iaiostrainingfestival\/wp-content\/uploads\/2019\/03\/IMG_20180323_135447-1024x768.jpg 1024w, https:\/\/esportsenioruv.com\/iaiostrainingfestival\/wp-content\/uploads\/2019\/03\/IMG_20180323_135447-900x675.jpg 900w\" sizes=\"(max-width: 803px) 100vw, 803px\" \/><\/p>\n","protected":false},"excerpt":{"rendered":"<p>El pr\u00f3ximo 27 de Marzo, Valencia acoger\u00e1 el \u00abIAI@S\u2019 Training Festival 2020\u00bb, que este a\u00f1o cumple su V edici\u00f3n! Promovida de forma conjunta por \u00a0el Servicio de Educaci\u00f3n F\u00edsica y Deportes y la Unidad de Investigaci\u00f3n en Renidmiento F\u00edsico y Deportivo (UIRFIDE) de la Universidad&hellip;<\/p>\n","protected":false},"author":1,"featured_media":0,"parent":0,"menu_order":0,"comment_status":"closed","ping_status":"closed","template":"template_fullwidth.php","meta":[],"_links":{"self":[{"href":"https:\/\/esportsenioruv.com\/iaiostrainingfestival\/wp-json\/wp\/v2\/pages\/494"}],"collection":[{"href":"https:\/\/esportsenioruv.com\/iaiostrainingfestival\/wp-json\/wp\/v2\/pages"}],"about":[{"href":"https:\/\/esportsenioruv.com\/iaiostrainingfestival\/wp-json\/wp\/v2\/types\/page"}],"author":[{"embeddable":true,"href":"https:\/\/esportsenioruv.com\/iaiostrainingfestival\/wp-json\/wp\/v2\/users\/1"}],"replies":[{"embeddable":true,"href":"https:\/\/esportsenioruv.com\/iaiostrainingfestival\/wp-json\/wp\/v2\/comments?post=494"}],"version-history":[{"count":13,"href":"https:\/\/esportsenioruv.com\/iaiostrainingfestival\/wp-json\/wp\/v2\/pages\/494\/revisions"}],"predecessor-version":[{"id":582,"href":"https:\/\/esportsenioruv.com\/iaiostrainingfestival\/wp-json\/wp\/v2\/pages\/494\/revisions\/582"}],"wp:attachment":[{"href":"https:\/\/esportsenioruv.com\/iaiostrainingfestival\/wp-json\/wp\/v2\/media?parent=494"}],"curies":[{"name":"wp","href":"https:\/\/api.w.org\/{rel}","templated":true}]}}