{"id":516,"date":"2020-02-11T17:08:52","date_gmt":"2020-02-11T17:08:52","guid":{"rendered":"http:\/\/esportsenioruv.com\/iaiostrainingfestival\/?page_id=516"},"modified":"2020-02-18T12:26:38","modified_gmt":"2020-02-18T12:26:38","slug":"inscripciones","status":"publish","type":"page","link":"https:\/\/esportsenioruv.com\/iaiostrainingfestival\/inscripciones\/","title":{"rendered":"Inscripciones &#8217;20"},"content":{"rendered":"<p>La inscripci\u00f3n al \u201cIaios Training Festival\u201d es completamente gratuita.<\/p>\n<p>Solamente debe rellenarse la hoja que m\u00e1s abajo encontrar\u00e1s y enviarla por correo electr\u00f3nico a: uirfidegiefam@uv.es<\/p>\n\n\n<h2 style=\"text-align:center\"><a href=\"http:\/\/esportsenioruv.com\/iaiostrainingfestival\/wp-content\/uploads\/2020\/02\/Inscripci\u00f3n-Iaios-Training-Festival-2020.pdf\">INSCRIPCI\u00d3N<\/a><\/h2>\n","protected":false},"excerpt":{"rendered":"<p>La inscripci\u00f3n al \u201cIaios Training Festival\u201d es completamente gratuita. Solamente debe rellenarse la hoja que m\u00e1s abajo encontrar\u00e1s y enviarla por correo electr\u00f3nico a: uirfidegiefam@uv.es INSCRIPCI\u00d3N<\/p>\n","protected":false},"author":1,"featured_media":0,"parent":0,"menu_order":0,"comment_status":"closed","ping_status":"closed","template":"","meta":[],"_links":{"self":[{"href":"https:\/\/esportsenioruv.com\/iaiostrainingfestival\/wp-json\/wp\/v2\/pages\/516"}],"collection":[{"href":"https:\/\/esportsenioruv.com\/iaiostrainingfestival\/wp-json\/wp\/v2\/pages"}],"about":[{"href":"https:\/\/esportsenioruv.com\/iaiostrainingfestival\/wp-json\/wp\/v2\/types\/page"}],"author":[{"embeddable":true,"href":"https:\/\/esportsenioruv.com\/iaiostrainingfestival\/wp-json\/wp\/v2\/users\/1"}],"replies":[{"embeddable":true,"href":"https:\/\/esportsenioruv.com\/iaiostrainingfestival\/wp-json\/wp\/v2\/comments?post=516"}],"version-history":[{"count":4,"href":"https:\/\/esportsenioruv.com\/iaiostrainingfestival\/wp-json\/wp\/v2\/pages\/516\/revisions"}],"predecessor-version":[{"id":557,"href":"https:\/\/esportsenioruv.com\/iaiostrainingfestival\/wp-json\/wp\/v2\/pages\/516\/revisions\/557"}],"wp:attachment":[{"href":"https:\/\/esportsenioruv.com\/iaiostrainingfestival\/wp-json\/wp\/v2\/media?parent=516"}],"curies":[{"name":"wp","href":"https:\/\/api.w.org\/{rel}","templated":true}]}}