{"id":543,"date":"2020-02-18T12:11:32","date_gmt":"2020-02-18T12:11:32","guid":{"rendered":"http:\/\/esportsenioruv.com\/iaiostrainingfestival\/?page_id=543"},"modified":"2020-03-03T08:14:56","modified_gmt":"2020-03-03T08:14:56","slug":"horarios-20","status":"publish","type":"page","link":"https:\/\/esportsenioruv.com\/iaiostrainingfestival\/horarios-20\/","title":{"rendered":"Horarios &#8217;20"},"content":{"rendered":"<p><strong>Jueves 26 de Marzo de 2020<\/strong><\/p>\n<table>\n<thead>\n<tr>\n<th scope=\"col\">HORARIO D\u00cdA 1<\/th>\n<th scope=\"col\">Actividad<\/th>\n<th scope=\"col\">Lugar<\/th>\n<\/tr>\n<\/thead>\n<tbody>\n<tr class=\"alt\">\n<td>18:00-20:00<\/td>\n<td>Preparaci\u00f3n del IAIOS-TRAINING FESTIVAL<\/td>\n<td>&nbsp;Aula FCAFE<\/td>\n<\/tr>\n<\/tbody>\n<\/table>\n<p><strong>Viernes 27 de Marzo de 2020<\/strong><\/p>\n<table>\n<thead>\n<tr>\n<th scope=\"col\">HORARIO D\u00cdA 2<\/th>\n<th scope=\"col\">Actividad<\/th>\n<\/tr>\n<\/thead>\n<tbody>\n<tr>\n<td width=\"132\">9:30 \u2013 10:00<\/td>\n<td width=\"434\">RECEPCI\u00d3N DE LOS \u201cIAI@S\u201d<\/td>\n<\/tr>\n<tr>\n<td width=\"132\">10:30 \u2013 13:30<\/td>\n<td width=\"434\">ACTIVIDADES VARIADAS<\/p>\n<p>Pararemos 30 minutos a descansar donde se ofrecer\u00e1 un peque\u00f1o almuerzo<\/td>\n<\/tr>\n<tr>\n<td width=\"132\">13:30 \u2013 14:00<\/td>\n<td width=\"434\">Clausura del Iai@s<\/td>\n<\/tr>\n<\/tbody>\n<\/table>\n","protected":false},"excerpt":{"rendered":"<p>Jueves 26 de Marzo de 2020 HORARIO D\u00cdA 1 Actividad Lugar 18:00-20:00 Preparaci\u00f3n del IAIOS-TRAINING FESTIVAL &nbsp;Aula FCAFE Viernes 27 de Marzo de 2020 HORARIO D\u00cdA 2 Actividad 9:30 \u2013 10:00 RECEPCI\u00d3N DE LOS \u201cIAI@S\u201d 10:30 \u2013 13:30 ACTIVIDADES VARIADAS Pararemos 30 minutos a descansar&hellip;<\/p>\n","protected":false},"author":1,"featured_media":0,"parent":0,"menu_order":0,"comment_status":"closed","ping_status":"closed","template":"template_fullwidth.php","meta":[],"_links":{"self":[{"href":"https:\/\/esportsenioruv.com\/iaiostrainingfestival\/wp-json\/wp\/v2\/pages\/543"}],"collection":[{"href":"https:\/\/esportsenioruv.com\/iaiostrainingfestival\/wp-json\/wp\/v2\/pages"}],"about":[{"href":"https:\/\/esportsenioruv.com\/iaiostrainingfestival\/wp-json\/wp\/v2\/types\/page"}],"author":[{"embeddable":true,"href":"https:\/\/esportsenioruv.com\/iaiostrainingfestival\/wp-json\/wp\/v2\/users\/1"}],"replies":[{"embeddable":true,"href":"https:\/\/esportsenioruv.com\/iaiostrainingfestival\/wp-json\/wp\/v2\/comments?post=543"}],"version-history":[{"count":5,"href":"https:\/\/esportsenioruv.com\/iaiostrainingfestival\/wp-json\/wp\/v2\/pages\/543\/revisions"}],"predecessor-version":[{"id":551,"href":"https:\/\/esportsenioruv.com\/iaiostrainingfestival\/wp-json\/wp\/v2\/pages\/543\/revisions\/551"}],"wp:attachment":[{"href":"https:\/\/esportsenioruv.com\/iaiostrainingfestival\/wp-json\/wp\/v2\/media?parent=543"}],"curies":[{"name":"wp","href":"https:\/\/api.w.org\/{rel}","templated":true}]}}