{"id":58,"date":"2017-01-25T11:53:23","date_gmt":"2017-01-25T11:53:23","guid":{"rendered":"http:\/\/esportsenioruv.com\/iaiostrainingfestival\/?page_id=58"},"modified":"2020-02-11T17:25:32","modified_gmt":"2020-02-11T17:25:32","slug":"jornada-formativa","status":"publish","type":"page","link":"https:\/\/esportsenioruv.com\/iaiostrainingfestival\/jornada-formativa\/","title":{"rendered":"Formaci\u00f3n &#8217;19"},"content":{"rendered":"<p>ENTIDADES ORGANIZADORAS:<\/p>\n<p style=\"text-align: center;\">UIRFIDE (Unidad de Investigaci\u00f3n en Rendimiento F\u00edsico y Deportivo), Universitat de Val\u00e8ncia.<\/p>\n<p style=\"text-align: center;\">Servei d&#8217;Educaci\u00f3 F\u00edsica i Esports (Universitat de Val\u00e8ncia).<\/p>\n<p style=\"text-align: center;\">Asociaci\u00f3n Entrenamiento con Mayores (EcM)<\/p>\n<p style=\"text-align: left;\">En esta edici\u00f3n las jornadas de actualizaci\u00f3n vienen de la mano de Ibai L\u00f3pez. Licenciado en Ciencias de la Actividad F\u00edsica y del Deporte, TAFAD con M\u00e1ster Internacional en Entrenamiento Personal, Prevenci\u00f3n y Readaptaci\u00f3n F\u00edsico-Deportiva y CEO de Moveo Ibaifit. S. L. U..<\/p>\n<p><strong>T\u00cdTULO:&nbsp;Autoliberaci\u00f3n miofascial con materiales para la mejora de la postura, respiraci\u00f3n y la prevenci\u00f3n de desequilibrios funcionales a trav\u00e9s de la actividad f\u00edsica.<\/strong><\/p>\n<p>Programa provisional:<\/p>\n<p>Jueves 11 de Abril de 2019&nbsp;de 18:00 a 20:00 Aula FCAFE Preparaci\u00f3n del IAIOS-TRAINING FESTIVAL<\/p>\n<p>Viernes 12 de Abril de 2019&nbsp;de 09:00 a 14:00 IAIOS TRAINING FESTIVAL 2019<\/p>\n<p>Martes 16 de Abril de 15:00 a 19:20 y Mi\u00e9rcoles 17 de Abril de 15:00 a 19:20 (curso Iba L\u00f3pez)<\/p>\n<p>Precio: <strong>60 euros<\/strong><\/p>\n<p>A qui\u00e9n va dirigido: CAFD y TAFAD (T\u00e9cnico Superior Actividad F\u00edsica)<\/p>\n<p>Lugar de celebraci\u00f3n: Facultad de Ciencias de la Actividad F\u00edsica y del Deporte de Valencia<\/p>\n<p>C\/ Gasc\u00f3 Oliag, 3<\/p>\n<p>Inscripci\u00f3n:<strong> enlace disponible en breves<\/strong><\/p>\n<p style=\"text-align: center;\">\n<p style=\"text-align: center;\"><strong>PROGRAMA<\/strong><\/p>\n<p data-wp-editing=\"1\"><img decoding=\"async\" loading=\"lazy\" class=\"aligncenter wp-image-418\" src=\"http:\/\/esportsenioruv.com\/iaiostrainingfestival\/wp-content\/uploads\/2019\/04\/Curso-IBAI-Def-1024x576.png\" alt=\"\" width=\"800\" height=\"450\" srcset=\"https:\/\/esportsenioruv.com\/iaiostrainingfestival\/wp-content\/uploads\/2019\/04\/Curso-IBAI-Def-1024x576.png 1024w, https:\/\/esportsenioruv.com\/iaiostrainingfestival\/wp-content\/uploads\/2019\/04\/Curso-IBAI-Def-300x169.png 300w, https:\/\/esportsenioruv.com\/iaiostrainingfestival\/wp-content\/uploads\/2019\/04\/Curso-IBAI-Def-768x432.png 768w, https:\/\/esportsenioruv.com\/iaiostrainingfestival\/wp-content\/uploads\/2019\/04\/Curso-IBAI-Def-900x506.png 900w, https:\/\/esportsenioruv.com\/iaiostrainingfestival\/wp-content\/uploads\/2019\/04\/Curso-IBAI-Def.png 1154w\" sizes=\"(max-width: 800px) 100vw, 800px\" \/><\/p>\n<p style=\"text-align: center;\"><a href=\"http:\/\/esportsenioruv.com\/iaiostrainingfestival\/wp-content\/uploads\/2019\/04\/Programa-IAIOS-TRAINING-FESTIVAL-2019.pdf\" target=\"_blank\" rel=\"noopener noreferrer\">PINCHA AQU\u00cd y descargar el programa definitivo<\/a><\/p>\n","protected":false},"excerpt":{"rendered":"<p>ENTIDADES ORGANIZADORAS: UIRFIDE (Unidad de Investigaci\u00f3n en Rendimiento F\u00edsico y Deportivo), Universitat de Val\u00e8ncia. Servei d&#8217;Educaci\u00f3 F\u00edsica i Esports (Universitat de Val\u00e8ncia). Asociaci\u00f3n Entrenamiento con Mayores (EcM) En esta edici\u00f3n las jornadas de actualizaci\u00f3n vienen de la mano de Ibai L\u00f3pez. Licenciado en Ciencias de&hellip;<\/p>\n","protected":false},"author":1,"featured_media":0,"parent":0,"menu_order":0,"comment_status":"closed","ping_status":"closed","template":"template_fullwidth.php","meta":[],"_links":{"self":[{"href":"https:\/\/esportsenioruv.com\/iaiostrainingfestival\/wp-json\/wp\/v2\/pages\/58"}],"collection":[{"href":"https:\/\/esportsenioruv.com\/iaiostrainingfestival\/wp-json\/wp\/v2\/pages"}],"about":[{"href":"https:\/\/esportsenioruv.com\/iaiostrainingfestival\/wp-json\/wp\/v2\/types\/page"}],"author":[{"embeddable":true,"href":"https:\/\/esportsenioruv.com\/iaiostrainingfestival\/wp-json\/wp\/v2\/users\/1"}],"replies":[{"embeddable":true,"href":"https:\/\/esportsenioruv.com\/iaiostrainingfestival\/wp-json\/wp\/v2\/comments?post=58"}],"version-history":[{"count":46,"href":"https:\/\/esportsenioruv.com\/iaiostrainingfestival\/wp-json\/wp\/v2\/pages\/58\/revisions"}],"predecessor-version":[{"id":534,"href":"https:\/\/esportsenioruv.com\/iaiostrainingfestival\/wp-json\/wp\/v2\/pages\/58\/revisions\/534"}],"wp:attachment":[{"href":"https:\/\/esportsenioruv.com\/iaiostrainingfestival\/wp-json\/wp\/v2\/media?parent=58"}],"curies":[{"name":"wp","href":"https:\/\/api.w.org\/{rel}","templated":true}]}}