{"id":96,"date":"2017-02-09T12:52:11","date_gmt":"2017-02-09T12:52:11","guid":{"rendered":"http:\/\/esportsenioruv.com\/iaiostrainingfestival\/?page_id=96"},"modified":"2020-02-18T17:02:22","modified_gmt":"2020-02-18T17:02:22","slug":"festival","status":"publish","type":"page","link":"https:\/\/esportsenioruv.com\/iaiostrainingfestival\/festival\/","title":{"rendered":"Iai@s &#8217;19"},"content":{"rendered":"<p>El pr\u00f3ximo 12 de Abril, Valencia acoger\u00e1 el <strong>\u00abIAIOS\u2019 Training Festival 2019\u00bb<\/strong>, que este a\u00f1o cumple su IV edici\u00f3n!<\/p>\n<p style=\"text-align: left;\">Promovida de forma conjunta por &nbsp;el <strong>Servicio de Educaci\u00f3n F\u00edsica y Deportes y la Unidad de Investigaci\u00f3n en Renidmiento F\u00edsico y Deportivo (UIRFIDE) de la Universidad de Valencia, con la colaboraci\u00f3n de la Asociaci\u00f3n Entrenamiento Con Mayores<\/strong>, el<strong> IAIOS\u2019<\/strong> se presenta como una propuesta inclusiva que convertir\u00e1 las diferentes experiencias de pr\u00e1ctica f\u00edsica de nuestros Mayores en una fiesta multitudinaria.<\/p>\n<p style=\"text-align: left;\"><strong>IAIOS<\/strong> es la palabra propia de la lengua valenciana para referirse a l@s \u201cabuel@s\u201d<\/p>\n<p style=\"text-align: left;\"><strong>Training<\/strong> &#8211;<em>Entrenamiento<\/em>&#8211; es el leitmotiv de la jornada formativa para alumnos y nuestra propuesta de valor para alcanzar un envejecimiento exitoso.<\/p>\n<p style=\"text-align: left;\"><strong>Festival<\/strong> nos recuerda la necesidad de disfrutar del ejercicio ante el reto de hacerse mayor.<\/p>\n<p style=\"text-align: left;\">El <strong>\u00abIAIOS\u2019 Training Festival 2019\u00bb<\/strong> invita a los Mayores de la ciudad de Valencia, alrededores y cualquier otra parte del mundo, a disfrutar de esta experiencia integral. Sea cual sea tu edad no puedes perderte esta experiencia deportiva intergeneracional.<\/p>\n<p style=\"text-align: left;\"><img decoding=\"async\" loading=\"lazy\" class=\"wp-image-141\" src=\"http:\/\/esportsenioruv.com\/iaiostrainingfestival\/wp-content\/uploads\/2017\/02\/IAIOS-A-grupos-de-mayores-y-alumnos-juntos-1024x441.jpg\" width=\"848\" height=\"365\" srcset=\"https:\/\/esportsenioruv.com\/iaiostrainingfestival\/wp-content\/uploads\/2017\/02\/IAIOS-A-grupos-de-mayores-y-alumnos-juntos-1024x441.jpg 1024w, https:\/\/esportsenioruv.com\/iaiostrainingfestival\/wp-content\/uploads\/2017\/02\/IAIOS-A-grupos-de-mayores-y-alumnos-juntos-300x129.jpg 300w, https:\/\/esportsenioruv.com\/iaiostrainingfestival\/wp-content\/uploads\/2017\/02\/IAIOS-A-grupos-de-mayores-y-alumnos-juntos-768x331.jpg 768w, https:\/\/esportsenioruv.com\/iaiostrainingfestival\/wp-content\/uploads\/2017\/02\/IAIOS-A-grupos-de-mayores-y-alumnos-juntos-900x387.jpg 900w\" sizes=\"(max-width: 848px) 100vw, 848px\" \/><\/p>\n","protected":false},"excerpt":{"rendered":"<p>El pr\u00f3ximo 12 de Abril, Valencia acoger\u00e1 el \u00abIAIOS\u2019 Training Festival 2019\u00bb, que este a\u00f1o cumple su IV edici\u00f3n! Promovida de forma conjunta por &nbsp;el Servicio de Educaci\u00f3n F\u00edsica y Deportes y la Unidad de Investigaci\u00f3n en Renidmiento F\u00edsico y Deportivo (UIRFIDE) de la Universidad&hellip;<\/p>\n","protected":false},"author":6,"featured_media":0,"parent":0,"menu_order":0,"comment_status":"closed","ping_status":"closed","template":"template_fullwidth.php","meta":[],"_links":{"self":[{"href":"https:\/\/esportsenioruv.com\/iaiostrainingfestival\/wp-json\/wp\/v2\/pages\/96"}],"collection":[{"href":"https:\/\/esportsenioruv.com\/iaiostrainingfestival\/wp-json\/wp\/v2\/pages"}],"about":[{"href":"https:\/\/esportsenioruv.com\/iaiostrainingfestival\/wp-json\/wp\/v2\/types\/page"}],"author":[{"embeddable":true,"href":"https:\/\/esportsenioruv.com\/iaiostrainingfestival\/wp-json\/wp\/v2\/users\/6"}],"replies":[{"embeddable":true,"href":"https:\/\/esportsenioruv.com\/iaiostrainingfestival\/wp-json\/wp\/v2\/comments?post=96"}],"version-history":[{"count":27,"href":"https:\/\/esportsenioruv.com\/iaiostrainingfestival\/wp-json\/wp\/v2\/pages\/96\/revisions"}],"predecessor-version":[{"id":569,"href":"https:\/\/esportsenioruv.com\/iaiostrainingfestival\/wp-json\/wp\/v2\/pages\/96\/revisions\/569"}],"wp:attachment":[{"href":"https:\/\/esportsenioruv.com\/iaiostrainingfestival\/wp-json\/wp\/v2\/media?parent=96"}],"curies":[{"name":"wp","href":"https:\/\/api.w.org\/{rel}","templated":true}]}}